{"id":794,"date":"2013-02-17T19:14:53","date_gmt":"2013-02-17T19:14:53","guid":{"rendered":"https:\/\/psychotherapeut.koeln\/kontakt\/"},"modified":"2023-08-02T09:33:45","modified_gmt":"2023-08-02T07:33:45","slug":"contact","status":"publish","type":"page","link":"https:\/\/psychotherapeut.koeln\/en\/contact\/","title":{"rendered":"Contact"},"content":{"rendered":"<div class=\"one-third\">\n<div style=\"border: 1px solid #696665;\">\n<h4 style=\"text-align: center !important; padding: 0.5em 0; border-bottom: 1px solid #cfccca; margin-bottom: 0.63em;\">Making an appointment<\/h4>\n<p style=\"text-align: center !important;\">Please use the<br \/>\ncontact form to get<br \/>\nin touch with us.<\/p>\n<\/div>\n<\/div>\n<div class=\"one-third\">\n<div style=\"border: 1px solid #696665;\">\n<h4 style=\"text-align: center !important; padding: 0.5em 0; border-bottom: 1px solid #cfccca; margin-bottom: 0.63em;\">Phone<\/h4>\n<p style=\"text-align: center !important;\">Consultation hours<br \/>\nTues.-Thu. 8:30-8:55 a.m.<br \/>\nPhone number: <a href=\"tel:0221-80014519\">0221-80014519<\/a><\/p>\n<\/div>\n<\/div>\n<div class=\"one-third last\">\n<div style=\"border: 1px solid #696665; background: white;\">\n<h4 style=\"text-decoration: none !important; text-align: center !important; padding: 0.5em 0; border-bottom: 1px solid #cfccca; margin-bottom: 0.63em;\">Address<\/h4>\n<p style=\"text-align: center !important; color: #696665 !important;\">Psychotherapeutische Praxis Dehm<br \/>\nHohenzollernring 49<br \/>\n50672 Cologne<\/p>\n<\/div>\n<p>&nbsp;<\/p><\/div>\n<div class=\"clear\"><\/div>\n<p><\/p>\n<hr>\n<p>\n<iframe data-tally-src=\"https:\/\/tally.so\/embed\/n9X4yV?alignLeft=1&#038;transparentBackground=1&#038;dynamicHeight=1\" loading=\"lazy\" width=\"100%\" height=\"1310\" frameborder=\"0\" marginheight=\"0\" marginwidth=\"0\" title=\"Therapy request\"><\/iframe><script>var d=document,w=\"https:\/\/tally.so\/widgets\/embed.js\",v=function(){\"undefined\"!=typeof Tally?Tally.loadEmbeds():d.querySelectorAll(\"iframe[data-tally-src]:not([src])\").forEach((function(e){e.src=e.dataset.tallySrc}))};if(\"undefined\"!=typeof Tally)v();else if(d.querySelector('script[src=\"'+w+'\"]')==null){var s=d.createElement(\"script\");s.src=w,s.onload=v,s.onerror=v,d.body.appendChild(s);}<\/script><\/p>\n","protected":false},"excerpt":{"rendered":"","protected":false},"author":1,"featured_media":697,"parent":0,"menu_order":0,"comment_status":"open","ping_status":"closed","template":"","meta":[],"yoast_head":"<!-- This site is optimized with the Yoast SEO plugin v20.12 - https:\/\/yoast.com\/wordpress\/plugins\/seo\/ -->\n<title>Kontakt | Therapie, Coaching &amp; Training in K\u00f6ln<\/title>\n<meta name=\"description\" content=\"Terminabsprache gerne via Kontaktformular, per E-Mail mit R\u00fcckrufnummer oder f\u00fcr kurzfristige Termine telefonisch unter: 0221-254003\" \/>\n<meta name=\"robots\" content=\"index, follow, max-snippet:-1, max-image-preview:large, max-video-preview:-1\" \/>\n<link rel=\"canonical\" href=\"https:\/\/psychotherapeut.koeln\/en\/contact\/\" \/>\n<meta name=\"twitter:label1\" content=\"Est. reading time\" \/>\n\t<meta name=\"twitter:data1\" content=\"1 minute\" \/>\n<script type=\"application\/ld+json\" class=\"yoast-schema-graph\">{\"@context\":\"https:\/\/schema.org\",\"@graph\":[{\"@type\":\"WebPage\",\"@id\":\"https:\/\/psychotherapeut.koeln\/en\/contact\/\",\"url\":\"https:\/\/psychotherapeut.koeln\/en\/contact\/\",\"name\":\"Kontakt | Therapie, Coaching & Training in K\u00f6ln\",\"isPartOf\":{\"@id\":\"https:\/\/psychotherapeut.koeln\/en\/#website\"},\"datePublished\":\"2013-02-17T19:14:53+00:00\",\"dateModified\":\"2023-08-02T07:33:45+00:00\",\"description\":\"Terminabsprache gerne via Kontaktformular, per E-Mail mit R\u00fcckrufnummer oder f\u00fcr kurzfristige Termine telefonisch unter: 0221-254003\",\"breadcrumb\":{\"@id\":\"https:\/\/psychotherapeut.koeln\/en\/contact\/#breadcrumb\"},\"inLanguage\":\"en-US\",\"potentialAction\":[{\"@type\":\"ReadAction\",\"target\":[\"https:\/\/psychotherapeut.koeln\/en\/contact\/\"]}]},{\"@type\":\"BreadcrumbList\",\"@id\":\"https:\/\/psychotherapeut.koeln\/en\/contact\/#breadcrumb\",\"itemListElement\":[{\"@type\":\"ListItem\",\"position\":1,\"name\":\"Home\",\"item\":\"https:\/\/psychotherapeut.koeln\/en\/\"},{\"@type\":\"ListItem\",\"position\":2,\"name\":\"Contact\"}]},{\"@type\":\"WebSite\",\"@id\":\"https:\/\/psychotherapeut.koeln\/en\/#website\",\"url\":\"https:\/\/psychotherapeut.koeln\/en\/\",\"name\":\"Psychotherapeut K\u00f6ln Dehm\",\"description\":\"Psychotherapeut Verhaltenstherapeut Psychotherapie Verhaltenstherapie Dipl.-Psych. Leander Dehm\",\"potentialAction\":[{\"@type\":\"SearchAction\",\"target\":{\"@type\":\"EntryPoint\",\"urlTemplate\":\"https:\/\/psychotherapeut.koeln\/en\/?s={search_term_string}\"},\"query-input\":\"required name=search_term_string\"}],\"inLanguage\":\"en-US\"}]}<\/script>\n<!-- \/ Yoast SEO plugin. -->","yoast_head_json":{"title":"Kontakt | Therapie, Coaching & Training in K\u00f6ln","description":"Terminabsprache gerne via Kontaktformular, per E-Mail mit R\u00fcckrufnummer oder f\u00fcr kurzfristige Termine telefonisch unter: 0221-254003","robots":{"index":"index","follow":"follow","max-snippet":"max-snippet:-1","max-image-preview":"max-image-preview:large","max-video-preview":"max-video-preview:-1"},"canonical":"https:\/\/psychotherapeut.koeln\/en\/contact\/","twitter_misc":{"Est. reading time":"1 minute"},"schema":{"@context":"https:\/\/schema.org","@graph":[{"@type":"WebPage","@id":"https:\/\/psychotherapeut.koeln\/en\/contact\/","url":"https:\/\/psychotherapeut.koeln\/en\/contact\/","name":"Kontakt | Therapie, Coaching & Training in K\u00f6ln","isPartOf":{"@id":"https:\/\/psychotherapeut.koeln\/en\/#website"},"datePublished":"2013-02-17T19:14:53+00:00","dateModified":"2023-08-02T07:33:45+00:00","description":"Terminabsprache gerne via Kontaktformular, per E-Mail mit R\u00fcckrufnummer oder f\u00fcr kurzfristige Termine telefonisch unter: 0221-254003","breadcrumb":{"@id":"https:\/\/psychotherapeut.koeln\/en\/contact\/#breadcrumb"},"inLanguage":"en-US","potentialAction":[{"@type":"ReadAction","target":["https:\/\/psychotherapeut.koeln\/en\/contact\/"]}]},{"@type":"BreadcrumbList","@id":"https:\/\/psychotherapeut.koeln\/en\/contact\/#breadcrumb","itemListElement":[{"@type":"ListItem","position":1,"name":"Home","item":"https:\/\/psychotherapeut.koeln\/en\/"},{"@type":"ListItem","position":2,"name":"Contact"}]},{"@type":"WebSite","@id":"https:\/\/psychotherapeut.koeln\/en\/#website","url":"https:\/\/psychotherapeut.koeln\/en\/","name":"Psychotherapeut K\u00f6ln Dehm","description":"Psychotherapeut Verhaltenstherapeut Psychotherapie Verhaltenstherapie Dipl.-Psych. Leander Dehm","potentialAction":[{"@type":"SearchAction","target":{"@type":"EntryPoint","urlTemplate":"https:\/\/psychotherapeut.koeln\/en\/?s={search_term_string}"},"query-input":"required name=search_term_string"}],"inLanguage":"en-US"}]}},"_links":{"self":[{"href":"https:\/\/psychotherapeut.koeln\/en\/wp-json\/wp\/v2\/pages\/794"}],"collection":[{"href":"https:\/\/psychotherapeut.koeln\/en\/wp-json\/wp\/v2\/pages"}],"about":[{"href":"https:\/\/psychotherapeut.koeln\/en\/wp-json\/wp\/v2\/types\/page"}],"author":[{"embeddable":true,"href":"https:\/\/psychotherapeut.koeln\/en\/wp-json\/wp\/v2\/users\/1"}],"replies":[{"embeddable":true,"href":"https:\/\/psychotherapeut.koeln\/en\/wp-json\/wp\/v2\/comments?post=794"}],"version-history":[{"count":8,"href":"https:\/\/psychotherapeut.koeln\/en\/wp-json\/wp\/v2\/pages\/794\/revisions"}],"predecessor-version":[{"id":995,"href":"https:\/\/psychotherapeut.koeln\/en\/wp-json\/wp\/v2\/pages\/794\/revisions\/995"}],"wp:featuredmedia":[{"embeddable":true,"href":"https:\/\/psychotherapeut.koeln\/en\/wp-json\/wp\/v2\/media\/697"}],"wp:attachment":[{"href":"https:\/\/psychotherapeut.koeln\/en\/wp-json\/wp\/v2\/media?parent=794"}],"curies":[{"name":"wp","href":"https:\/\/api.w.org\/{rel}","templated":true}]}}